{"id":533,"date":"2023-03-08T12:32:54","date_gmt":"2023-03-08T11:32:54","guid":{"rendered":"https:\/\/www.relaxitalia.biz\/?page_id=533"},"modified":"2023-08-03T13:29:42","modified_gmt":"2023-08-03T11:29:42","slug":"chi-siamo","status":"publish","type":"page","link":"https:\/\/www.relaxitalia.biz\/de\/chi-siamo\/","title":{"rendered":"\u00dcBER UNS"},"content":{"rendered":"<div data-elementor-type=\"wp-page\" data-elementor-id=\"533\" class=\"elementor elementor-533\">\n\t\t\t\t\t\t<section class=\"elementor-section elementor-top-section elementor-element elementor-element-ef21190 elementor-section-boxed elementor-section-height-default elementor-section-height-default\" data-id=\"ef21190\" data-element_type=\"section\" data-e-type=\"section\">\n\t\t\t\t\t\t<div class=\"elementor-container elementor-column-gap-default\">\n\t\t\t\t\t<div class=\"elementor-column elementor-col-100 elementor-top-column elementor-element elementor-element-dcaf139\" data-id=\"dcaf139\" data-element_type=\"column\" data-e-type=\"column\">\n\t\t\t<div class=\"elementor-widget-wrap elementor-element-populated\">\n\t\t\t\t\t\t<div class=\"elementor-element elementor-element-f1889bc elementor-widget elementor-widget-heading\" data-id=\"f1889bc\" data-element_type=\"widget\" data-e-type=\"widget\" data-widget_type=\"heading.default\">\n\t\t\t\t<div class=\"elementor-widget-container\">\n\t\t\t\t\t<h2 class=\"elementor-heading-title elementor-size-default\">UNSERE GESCHICHTE<\/h2>\t\t\t\t<\/div>\n\t\t\t\t<\/div>\n\t\t\t\t\t<\/div>\n\t\t<\/div>\n\t\t\t\t\t<\/div>\n\t\t<\/section>\n\t\t\t\t<section class=\"elementor-section elementor-top-section elementor-element elementor-element-fb07abf elementor-section-boxed elementor-section-height-default elementor-section-height-default\" data-id=\"fb07abf\" data-element_type=\"section\" data-e-type=\"section\">\n\t\t\t\t\t\t<div class=\"elementor-container elementor-column-gap-default\">\n\t\t\t\t\t<div class=\"elementor-column elementor-col-100 elementor-top-column elementor-element elementor-element-0adf531\" data-id=\"0adf531\" data-element_type=\"column\" data-e-type=\"column\">\n\t\t\t<div class=\"elementor-widget-wrap elementor-element-populated\">\n\t\t\t\t\t\t<div class=\"elementor-element elementor-element-9afdf80 elementor-widget elementor-widget-text-editor\" data-id=\"9afdf80\" data-element_type=\"widget\" data-e-type=\"widget\" data-widget_type=\"text-editor.default\">\n\t\t\t\t<div class=\"elementor-widget-container\">\n\t\t\t\t\t\t\t\t\t<p><span style=\"color: #000000;\">Wir sind ein seit 2006 t\u00e4tiges Unternehmen. Zu Beginn besch\u00e4ftigten wir uns haupts\u00e4chlich mit Matratzen, Lattenrosten und Betten, aber im Laufe der Zeit haben wir unser Angebot im Bereich M\u00f6bel erweitert. Wir k\u00f6nnen jetzt die gesamte Gestaltung eines Hauses anbieten, was die M\u00f6bel betrifft.<\/span><\/p>\t\t\t\t\t\t\t\t<\/div>\n\t\t\t\t<\/div>\n\t\t\t\t\t<\/div>\n\t\t<\/div>\n\t\t\t\t\t<\/div>\n\t\t<\/section>\n\t\t\t\t<section class=\"elementor-section elementor-top-section elementor-element elementor-element-4d2824c elementor-section-boxed elementor-section-height-default elementor-section-height-default\" data-id=\"4d2824c\" data-element_type=\"section\" data-e-type=\"section\">\n\t\t\t\t\t\t<div class=\"elementor-container elementor-column-gap-default\">\n\t\t\t\t\t<div class=\"elementor-column elementor-col-50 elementor-top-column elementor-element elementor-element-7e421b4\" data-id=\"7e421b4\" data-element_type=\"column\" data-e-type=\"column\">\n\t\t\t<div class=\"elementor-widget-wrap elementor-element-populated\">\n\t\t\t\t\t\t<div class=\"elementor-element elementor-element-b2e0031 elementor-widget elementor-widget-image\" data-id=\"b2e0031\" data-element_type=\"widget\" data-e-type=\"widget\" data-widget_type=\"image.default\">\n\t\t\t\t<div class=\"elementor-widget-container\">\n\t\t\t\t\t\t\t\t\t\t\t\t\t\t\t<img fetchpriority=\"high\" decoding=\"async\" width=\"2560\" height=\"2560\" src=\"https:\/\/www.relaxitalia.biz\/wp-content\/uploads\/2023\/03\/FOTO3.1-scaled.jpg\" class=\"attachment-full size-full wp-image-535\" alt=\"\" srcset=\"https:\/\/www.relaxitalia.biz\/wp-content\/uploads\/2023\/03\/FOTO3.1-scaled.jpg 2560w, https:\/\/www.relaxitalia.biz\/wp-content\/uploads\/2023\/03\/FOTO3.1-300x300.jpg 300w, https:\/\/www.relaxitalia.biz\/wp-content\/uploads\/2023\/03\/FOTO3.1-1024x1024.jpg 1024w, https:\/\/www.relaxitalia.biz\/wp-content\/uploads\/2023\/03\/FOTO3.1-150x150.jpg 150w, https:\/\/www.relaxitalia.biz\/wp-content\/uploads\/2023\/03\/FOTO3.1-768x768.jpg 768w, https:\/\/www.relaxitalia.biz\/wp-content\/uploads\/2023\/03\/FOTO3.1-1536x1536.jpg 1536w, https:\/\/www.relaxitalia.biz\/wp-content\/uploads\/2023\/03\/FOTO3.1-2048x2048.jpg 2048w, https:\/\/www.relaxitalia.biz\/wp-content\/uploads\/2023\/03\/FOTO3.1-700x700.jpg 700w, https:\/\/www.relaxitalia.biz\/wp-content\/uploads\/2023\/03\/FOTO3.1-2000x2000.jpg 2000w, https:\/\/www.relaxitalia.biz\/wp-content\/uploads\/2023\/03\/FOTO3.1-100x100.jpg 100w, https:\/\/www.relaxitalia.biz\/wp-content\/uploads\/2023\/03\/FOTO3.1-400x400.jpg 400w\" sizes=\"(max-width: 2560px) 100vw, 2560px\" \/>\t\t\t\t\t\t\t\t\t\t\t\t\t\t\t<\/div>\n\t\t\t\t<\/div>\n\t\t\t\t\t<\/div>\n\t\t<\/div>\n\t\t\t\t<div class=\"elementor-column elementor-col-50 elementor-top-column elementor-element elementor-element-6c227bc\" data-id=\"6c227bc\" data-element_type=\"column\" data-e-type=\"column\">\n\t\t\t<div class=\"elementor-widget-wrap elementor-element-populated\">\n\t\t\t\t\t\t<div class=\"elementor-element elementor-element-3f31d25 elementor-widget elementor-widget-google_maps\" data-id=\"3f31d25\" data-element_type=\"widget\" data-e-type=\"widget\" data-widget_type=\"google_maps.default\">\n\t\t\t\t<div class=\"elementor-widget-container\">\n\t\t\t\t\t\t\t<div class=\"elementor-custom-embed\">\n\t\t\t<iframe loading=\"lazy\"\n\t\t\t\t\tsrc=\"https:\/\/maps.google.com\/maps?q=Relax%20Italia&#038;t=m&#038;z=10&#038;output=embed&#038;iwloc=near\"\n\t\t\t\t\ttitle=\"Relax Italia\"\n\t\t\t\t\taria-label=\"Relax Italia\"\n\t\t\t><\/iframe>\n\t\t<\/div>\n\t\t\t\t\t\t<\/div>\n\t\t\t\t<\/div>\n\t\t\t\t\t<\/div>\n\t\t<\/div>\n\t\t\t\t\t<\/div>\n\t\t<\/section>\n\t\t\t\t<\/div>","protected":false},"excerpt":{"rendered":"<p>LA NOSTRA STORIA Siamo un\u2019azienda attiva dal 2006. Abbiamo iniziato trattando principalmente materassi, reti e letti ma andando avanti abbiamo ampliato la nostra offerta nel campo dell\u2019arredamento.&nbsp;Ora possiamo offrire l\u2019intera progettazione di una casa per quanto concerne i mobili.<\/p>","protected":false},"author":1,"featured_media":0,"parent":0,"menu_order":0,"comment_status":"closed","ping_status":"closed","template":"elementor_header_footer","meta":{"om_disable_all_campaigns":false,"_uf_show_specific_survey":0,"_uf_disable_surveys":false,"footnotes":""},"class_list":["post-533","page","type-page","status-publish","hentry"],"aioseo_notices":[],"yoast_head":"<!-- This site is optimized with the Yoast SEO plugin v23.5 - https:\/\/yoast.com\/wordpress\/plugins\/seo\/ -->\r\n<title>Materassi, Letti e Arredamento di Qualit\u00e0 per il Tuo Benessere.<\/title>\r\n<meta name=\"description\" content=\"Aperti dal 2005 con l\u2019esperienza maturata di oltre 30 anni nel settore del sano dormire, per poi ampliare la propria gamma di prodotti per offrire un servizio a 360\u00b0, cos\u00ec da soddisfare tutte le vostre richieste!\" \/>\r\n<meta name=\"robots\" content=\"index, follow, max-snippet:-1, max-image-preview:large, max-video-preview:-1\" \/>\r\n<link rel=\"canonical\" href=\"https:\/\/www.relaxitalia.biz\/de\/chi-siamo\/\" \/>\r\n<meta property=\"og:locale\" content=\"de_DE\" \/>\r\n<meta property=\"og:type\" content=\"article\" \/>\r\n<meta property=\"og:title\" content=\"Materassi, Letti e Arredamento di Qualit\u00e0 per il Tuo Benessere.\" \/>\r\n<meta property=\"og:description\" content=\"Aperti dal 2005 con l\u2019esperienza maturata di oltre 30 anni nel settore del sano dormire, per poi ampliare la propria gamma di prodotti per offrire un servizio a 360\u00b0, cos\u00ec da soddisfare tutte le vostre richieste!\" \/>\r\n<meta property=\"og:url\" content=\"https:\/\/www.relaxitalia.biz\/de\/chi-siamo\/\" \/>\r\n<meta property=\"article:modified_time\" content=\"2023-08-03T11:29:42+00:00\" \/>\r\n<meta property=\"og:image\" content=\"https:\/\/www.relaxitalia.biz\/wp-content\/uploads\/2023\/03\/FOTO3.1-scaled.jpg\" \/>\r\n<meta name=\"twitter:card\" content=\"summary_large_image\" \/>\r\n<meta name=\"twitter:label1\" content=\"Gesch\u00e4tzte Lesezeit\" \/>\n\t<meta name=\"twitter:data1\" content=\"1\u00a0Minute\" \/>\r\n<script type=\"application\/ld+json\" class=\"yoast-schema-graph\">{\"@context\":\"https:\/\/schema.org\",\"@graph\":[{\"@type\":\"WebPage\",\"@id\":\"https:\/\/www.relaxitalia.biz\/it\/chi-siamo\/\",\"url\":\"https:\/\/www.relaxitalia.biz\/it\/chi-siamo\/\",\"name\":\"Materassi, Letti e Arredamento di Qualit\u00e0 per il Tuo Benessere.\",\"isPartOf\":{\"@id\":\"https:\/\/www.relaxitalia.biz\/#website\"},\"primaryImageOfPage\":{\"@id\":\"https:\/\/www.relaxitalia.biz\/it\/chi-siamo\/#primaryimage\"},\"image\":{\"@id\":\"https:\/\/www.relaxitalia.biz\/it\/chi-siamo\/#primaryimage\"},\"thumbnailUrl\":\"https:\/\/www.relaxitalia.biz\/wp-content\/uploads\/2023\/03\/FOTO3.1-scaled.jpg\",\"datePublished\":\"2023-03-08T11:32:54+00:00\",\"dateModified\":\"2023-08-03T11:29:42+00:00\",\"description\":\"Aperti dal 2005 con l\u2019esperienza maturata di oltre 30 anni nel settore del sano dormire, per poi ampliare la propria gamma di prodotti per offrire un servizio a 360\u00b0, cos\u00ec da soddisfare tutte le vostre richieste!\",\"breadcrumb\":{\"@id\":\"https:\/\/www.relaxitalia.biz\/it\/chi-siamo\/#breadcrumb\"},\"inLanguage\":\"de\",\"potentialAction\":[{\"@type\":\"ReadAction\",\"target\":[\"https:\/\/www.relaxitalia.biz\/it\/chi-siamo\/\"]}]},{\"@type\":\"ImageObject\",\"inLanguage\":\"de\",\"@id\":\"https:\/\/www.relaxitalia.biz\/it\/chi-siamo\/#primaryimage\",\"url\":\"https:\/\/www.relaxitalia.biz\/wp-content\/uploads\/2023\/03\/FOTO3.1-scaled.jpg\",\"contentUrl\":\"https:\/\/www.relaxitalia.biz\/wp-content\/uploads\/2023\/03\/FOTO3.1-scaled.jpg\"},{\"@type\":\"BreadcrumbList\",\"@id\":\"https:\/\/www.relaxitalia.biz\/it\/chi-siamo\/#breadcrumb\",\"itemListElement\":[{\"@type\":\"ListItem\",\"position\":1,\"name\":\"Home\",\"item\":\"https:\/\/www.relaxitalia.biz\/it\/\"},{\"@type\":\"ListItem\",\"position\":2,\"name\":\"CHI SIAMO\"}]},{\"@type\":\"WebSite\",\"@id\":\"https:\/\/www.relaxitalia.biz\/#website\",\"url\":\"https:\/\/www.relaxitalia.biz\/\",\"name\":\"Relax Italia\",\"description\":\"\",\"publisher\":{\"@id\":\"https:\/\/www.relaxitalia.biz\/#organization\"},\"potentialAction\":[{\"@type\":\"SearchAction\",\"target\":{\"@type\":\"EntryPoint\",\"urlTemplate\":\"https:\/\/www.relaxitalia.biz\/?s={search_term_string}\"},\"query-input\":{\"@type\":\"PropertyValueSpecification\",\"valueRequired\":true,\"valueName\":\"search_term_string\"}}],\"inLanguage\":\"de\"},{\"@type\":\"Organization\",\"@id\":\"https:\/\/www.relaxitalia.biz\/#organization\",\"name\":\"Relax Italia\",\"url\":\"https:\/\/www.relaxitalia.biz\/\",\"logo\":{\"@type\":\"ImageObject\",\"inLanguage\":\"de\",\"@id\":\"https:\/\/www.relaxitalia.biz\/#\/schema\/logo\/image\/\",\"url\":\"https:\/\/www.relaxitalia.biz\/wp-content\/uploads\/2023\/03\/cropped-cropped-logo_colore_relaxitalia_definitivo-1-01.png\",\"contentUrl\":\"https:\/\/www.relaxitalia.biz\/wp-content\/uploads\/2023\/03\/cropped-cropped-logo_colore_relaxitalia_definitivo-1-01.png\",\"width\":512,\"height\":243,\"caption\":\"Relax Italia\"},\"image\":{\"@id\":\"https:\/\/www.relaxitalia.biz\/#\/schema\/logo\/image\/\"}}]}<\/script>\r\n<!-- \/ Yoast SEO plugin. -->","yoast_head_json":{"title":"Materassi, Letti e Arredamento di Qualit\u00e0 per il Tuo Benessere.","description":"Aperti dal 2005 con l\u2019esperienza maturata di oltre 30 anni nel settore del sano dormire, per poi ampliare la propria gamma di prodotti per offrire un servizio a 360\u00b0, cos\u00ec da soddisfare tutte le vostre richieste!","robots":{"index":"index","follow":"follow","max-snippet":"max-snippet:-1","max-image-preview":"max-image-preview:large","max-video-preview":"max-video-preview:-1"},"canonical":"https:\/\/www.relaxitalia.biz\/de\/chi-siamo\/","og_locale":"de_DE","og_type":"article","og_title":"Materassi, Letti e Arredamento di Qualit\u00e0 per il Tuo Benessere.","og_description":"Aperti dal 2005 con l\u2019esperienza maturata di oltre 30 anni nel settore del sano dormire, per poi ampliare la propria gamma di prodotti per offrire un servizio a 360\u00b0, cos\u00ec da soddisfare tutte le vostre richieste!","og_url":"https:\/\/www.relaxitalia.biz\/de\/chi-siamo\/","article_modified_time":"2023-08-03T11:29:42+00:00","og_image":[{"url":"https:\/\/www.relaxitalia.biz\/wp-content\/uploads\/2023\/03\/FOTO3.1-scaled.jpg"}],"twitter_card":"summary_large_image","twitter_misc":{"Gesch\u00e4tzte Lesezeit":"1\u00a0Minute"},"schema":{"@context":"https:\/\/schema.org","@graph":[{"@type":"WebPage","@id":"https:\/\/www.relaxitalia.biz\/it\/chi-siamo\/","url":"https:\/\/www.relaxitalia.biz\/it\/chi-siamo\/","name":"Materassi, Letti e Arredamento di Qualit\u00e0 per il Tuo Benessere.","isPartOf":{"@id":"https:\/\/www.relaxitalia.biz\/#website"},"primaryImageOfPage":{"@id":"https:\/\/www.relaxitalia.biz\/it\/chi-siamo\/#primaryimage"},"image":{"@id":"https:\/\/www.relaxitalia.biz\/it\/chi-siamo\/#primaryimage"},"thumbnailUrl":"https:\/\/www.relaxitalia.biz\/wp-content\/uploads\/2023\/03\/FOTO3.1-scaled.jpg","datePublished":"2023-03-08T11:32:54+00:00","dateModified":"2023-08-03T11:29:42+00:00","description":"Aperti dal 2005 con l\u2019esperienza maturata di oltre 30 anni nel settore del sano dormire, per poi ampliare la propria gamma di prodotti per offrire un servizio a 360\u00b0, cos\u00ec da soddisfare tutte le vostre richieste!","breadcrumb":{"@id":"https:\/\/www.relaxitalia.biz\/it\/chi-siamo\/#breadcrumb"},"inLanguage":"de","potentialAction":[{"@type":"ReadAction","target":["https:\/\/www.relaxitalia.biz\/it\/chi-siamo\/"]}]},{"@type":"ImageObject","inLanguage":"de","@id":"https:\/\/www.relaxitalia.biz\/it\/chi-siamo\/#primaryimage","url":"https:\/\/www.relaxitalia.biz\/wp-content\/uploads\/2023\/03\/FOTO3.1-scaled.jpg","contentUrl":"https:\/\/www.relaxitalia.biz\/wp-content\/uploads\/2023\/03\/FOTO3.1-scaled.jpg"},{"@type":"BreadcrumbList","@id":"https:\/\/www.relaxitalia.biz\/it\/chi-siamo\/#breadcrumb","itemListElement":[{"@type":"ListItem","position":1,"name":"Home","item":"https:\/\/www.relaxitalia.biz\/it\/"},{"@type":"ListItem","position":2,"name":"CHI SIAMO"}]},{"@type":"WebSite","@id":"https:\/\/www.relaxitalia.biz\/#website","url":"https:\/\/www.relaxitalia.biz\/","name":"Relax Italia","description":"","publisher":{"@id":"https:\/\/www.relaxitalia.biz\/#organization"},"potentialAction":[{"@type":"SearchAction","target":{"@type":"EntryPoint","urlTemplate":"https:\/\/www.relaxitalia.biz\/?s={search_term_string}"},"query-input":{"@type":"PropertyValueSpecification","valueRequired":true,"valueName":"search_term_string"}}],"inLanguage":"de"},{"@type":"Organization","@id":"https:\/\/www.relaxitalia.biz\/#organization","name":"Relax Italia","url":"https:\/\/www.relaxitalia.biz\/","logo":{"@type":"ImageObject","inLanguage":"de","@id":"https:\/\/www.relaxitalia.biz\/#\/schema\/logo\/image\/","url":"https:\/\/www.relaxitalia.biz\/wp-content\/uploads\/2023\/03\/cropped-cropped-logo_colore_relaxitalia_definitivo-1-01.png","contentUrl":"https:\/\/www.relaxitalia.biz\/wp-content\/uploads\/2023\/03\/cropped-cropped-logo_colore_relaxitalia_definitivo-1-01.png","width":512,"height":243,"caption":"Relax Italia"},"image":{"@id":"https:\/\/www.relaxitalia.biz\/#\/schema\/logo\/image\/"}}]}},"_links":{"self":[{"href":"https:\/\/www.relaxitalia.biz\/de\/wp-json\/wp\/v2\/pages\/533","targetHints":{"allow":["GET"]}}],"collection":[{"href":"https:\/\/www.relaxitalia.biz\/de\/wp-json\/wp\/v2\/pages"}],"about":[{"href":"https:\/\/www.relaxitalia.biz\/de\/wp-json\/wp\/v2\/types\/page"}],"author":[{"embeddable":true,"href":"https:\/\/www.relaxitalia.biz\/de\/wp-json\/wp\/v2\/users\/1"}],"replies":[{"embeddable":true,"href":"https:\/\/www.relaxitalia.biz\/de\/wp-json\/wp\/v2\/comments?post=533"}],"version-history":[{"count":21,"href":"https:\/\/www.relaxitalia.biz\/de\/wp-json\/wp\/v2\/pages\/533\/revisions"}],"predecessor-version":[{"id":1205,"href":"https:\/\/www.relaxitalia.biz\/de\/wp-json\/wp\/v2\/pages\/533\/revisions\/1205"}],"wp:attachment":[{"href":"https:\/\/www.relaxitalia.biz\/de\/wp-json\/wp\/v2\/media?parent=533"}],"curies":[{"name":"wp","href":"https:\/\/api.w.org\/{rel}","templated":true}]}}