{"id":489,"date":"2023-03-08T11:42:15","date_gmt":"2023-03-08T10:42:15","guid":{"rendered":"https:\/\/www.relaxitalia.biz\/?page_id=489"},"modified":"2023-08-03T14:57:00","modified_gmt":"2023-08-03T12:57:00","slug":"servizi","status":"publish","type":"page","link":"https:\/\/www.relaxitalia.biz\/de\/servizi\/","title":{"rendered":"DIENSTLEISTUNGEN"},"content":{"rendered":"<div data-elementor-type=\"wp-page\" data-elementor-id=\"489\" class=\"elementor elementor-489\">\n\t\t\t\t\t\t<section class=\"elementor-section elementor-top-section elementor-element elementor-element-c158730 elementor-section-content-middle elementor-section-stretched elementor-section-boxed elementor-section-height-default elementor-section-height-default\" data-id=\"c158730\" data-element_type=\"section\" data-e-type=\"section\" data-settings=\"{&quot;background_background&quot;:&quot;classic&quot;,&quot;stretch_section&quot;:&quot;section-stretched&quot;}\">\n\t\t\t\t\t\t<div class=\"elementor-container elementor-column-gap-no\">\n\t\t\t\t\t<div class=\"elementor-column elementor-col-100 elementor-top-column elementor-element elementor-element-53da36c\" data-id=\"53da36c\" data-element_type=\"column\" data-e-type=\"column\">\n\t\t\t<div class=\"elementor-widget-wrap elementor-element-populated\">\n\t\t\t\t\t\t<div class=\"elementor-element elementor-element-b7d672a elementor-widget elementor-widget-image\" data-id=\"b7d672a\" data-element_type=\"widget\" data-e-type=\"widget\" data-widget_type=\"image.default\">\n\t\t\t\t<div class=\"elementor-widget-container\">\n\t\t\t\t\t\t\t\t\t\t\t\t\t\t\t<img fetchpriority=\"high\" decoding=\"async\" width=\"2560\" height=\"1707\" src=\"https:\/\/www.relaxitalia.biz\/wp-content\/uploads\/2023\/03\/FOTO1.1-taglio-scaled.jpg\" class=\"attachment-full size-full wp-image-1075\" alt=\"\" srcset=\"https:\/\/www.relaxitalia.biz\/wp-content\/uploads\/2023\/03\/FOTO1.1-taglio-scaled.jpg 2560w, https:\/\/www.relaxitalia.biz\/wp-content\/uploads\/2023\/03\/FOTO1.1-taglio-300x200.jpg 300w, https:\/\/www.relaxitalia.biz\/wp-content\/uploads\/2023\/03\/FOTO1.1-taglio-1024x683.jpg 1024w, https:\/\/www.relaxitalia.biz\/wp-content\/uploads\/2023\/03\/FOTO1.1-taglio-768x512.jpg 768w, https:\/\/www.relaxitalia.biz\/wp-content\/uploads\/2023\/03\/FOTO1.1-taglio-1536x1024.jpg 1536w, https:\/\/www.relaxitalia.biz\/wp-content\/uploads\/2023\/03\/FOTO1.1-taglio-2048x1365.jpg 2048w, https:\/\/www.relaxitalia.biz\/wp-content\/uploads\/2023\/03\/FOTO1.1-taglio-700x467.jpg 700w, https:\/\/www.relaxitalia.biz\/wp-content\/uploads\/2023\/03\/FOTO1.1-taglio-2000x1333.jpg 2000w, https:\/\/www.relaxitalia.biz\/wp-content\/uploads\/2023\/03\/FOTO1.1-taglio-900x600.jpg 900w, https:\/\/www.relaxitalia.biz\/wp-content\/uploads\/2023\/03\/FOTO1.1-taglio-600x400.jpg 600w\" sizes=\"(max-width: 2560px) 100vw, 2560px\" \/>\t\t\t\t\t\t\t\t\t\t\t\t\t\t\t<\/div>\n\t\t\t\t<\/div>\n\t\t\t\t<div class=\"elementor-element elementor-element-276166b elementor-widget elementor-widget-heading\" data-id=\"276166b\" data-element_type=\"widget\" data-e-type=\"widget\" data-widget_type=\"heading.default\">\n\t\t\t\t<div class=\"elementor-widget-container\">\n\t\t\t\t\t<h2 class=\"elementor-heading-title elementor-size-default\">LIEFERUNG<\/h2>\t\t\t\t<\/div>\n\t\t\t\t<\/div>\n\t\t\t\t<div class=\"elementor-element elementor-element-012b444 elementor-widget elementor-widget-text-editor\" data-id=\"012b444\" data-element_type=\"widget\" data-e-type=\"widget\" data-widget_type=\"text-editor.default\">\n\t\t\t\t<div class=\"elementor-widget-container\">\n\t\t\t\t\t\t\t\t\t<p><span style=\"color: #000000;\">Lieferung direkt ins Haus mit Platzierung der Ware im Zimmer und Abholung der Verpackung in ganz Italien<\/span><\/p>\t\t\t\t\t\t\t\t<\/div>\n\t\t\t\t<\/div>\n\t\t\t\t<div class=\"elementor-element elementor-element-53d745d elementor-widget elementor-widget-text-editor\" data-id=\"53d745d\" data-element_type=\"widget\" data-e-type=\"widget\" data-widget_type=\"text-editor.default\">\n\t\t\t\t<div class=\"elementor-widget-container\">\n\t\t\t\t\t\t\t\t\t<p><span style=\"color: #000000;\">Um sicherzustellen, dass der Kunde zu Hause ist, wird er kontaktiert, um Datum und Uhrzeit der Lieferung zu vereinbaren, die p\u00fcnktlich erfolgen wird.<\/span><\/p><p><span style=\"color: #000000;\">Das Mitarbeiterteam, das sich um die Lieferung k\u00fcmmert, stellt die bestellten M\u00f6bel auch in dem vom Kunden gew\u00fcnschten Raum auf und holt die Verpackung.<\/span><\/p>\t\t\t\t\t\t\t\t<\/div>\n\t\t\t\t<\/div>\n\t\t\t\t\t<\/div>\n\t\t<\/div>\n\t\t\t\t\t<\/div>\n\t\t<\/section>\n\t\t\t\t<section class=\"elementor-section elementor-top-section elementor-element elementor-element-4e9bdf5 elementor-section-boxed elementor-section-height-default elementor-section-height-default\" data-id=\"4e9bdf5\" data-element_type=\"section\" data-e-type=\"section\" data-settings=\"{&quot;background_background&quot;:&quot;classic&quot;}\">\n\t\t\t\t\t\t<div class=\"elementor-container elementor-column-gap-no\">\n\t\t\t\t\t<div class=\"elementor-column elementor-col-100 elementor-top-column elementor-element elementor-element-8943d90\" data-id=\"8943d90\" data-element_type=\"column\" data-e-type=\"column\">\n\t\t\t<div class=\"elementor-widget-wrap elementor-element-populated\">\n\t\t\t\t\t\t<div class=\"elementor-element elementor-element-a54c3ac elementor-widget elementor-widget-image\" data-id=\"a54c3ac\" data-element_type=\"widget\" data-e-type=\"widget\" data-widget_type=\"image.default\">\n\t\t\t\t<div class=\"elementor-widget-container\">\n\t\t\t\t\t\t\t\t\t\t\t\t\t\t\t<img decoding=\"async\" width=\"2560\" height=\"1490\" src=\"https:\/\/www.relaxitalia.biz\/wp-content\/uploads\/2023\/03\/FOTO1.2-taglio-scaled.jpg\" class=\"attachment-full size-full wp-image-1050\" alt=\"\" srcset=\"https:\/\/www.relaxitalia.biz\/wp-content\/uploads\/2023\/03\/FOTO1.2-taglio-scaled.jpg 2560w, https:\/\/www.relaxitalia.biz\/wp-content\/uploads\/2023\/03\/FOTO1.2-taglio-300x175.jpg 300w, https:\/\/www.relaxitalia.biz\/wp-content\/uploads\/2023\/03\/FOTO1.2-taglio-1024x596.jpg 1024w, https:\/\/www.relaxitalia.biz\/wp-content\/uploads\/2023\/03\/FOTO1.2-taglio-768x447.jpg 768w, https:\/\/www.relaxitalia.biz\/wp-content\/uploads\/2023\/03\/FOTO1.2-taglio-1536x894.jpg 1536w, https:\/\/www.relaxitalia.biz\/wp-content\/uploads\/2023\/03\/FOTO1.2-taglio-2048x1192.jpg 2048w, https:\/\/www.relaxitalia.biz\/wp-content\/uploads\/2023\/03\/FOTO1.2-taglio-700x407.jpg 700w, https:\/\/www.relaxitalia.biz\/wp-content\/uploads\/2023\/03\/FOTO1.2-taglio-2000x1164.jpg 2000w, https:\/\/www.relaxitalia.biz\/wp-content\/uploads\/2023\/03\/FOTO1.2-taglio-687x400.jpg 687w\" sizes=\"(max-width: 2560px) 100vw, 2560px\" \/>\t\t\t\t\t\t\t\t\t\t\t\t\t\t\t<\/div>\n\t\t\t\t<\/div>\n\t\t\t\t<div class=\"elementor-element elementor-element-584898e elementor-widget elementor-widget-heading\" data-id=\"584898e\" data-element_type=\"widget\" data-e-type=\"widget\" data-widget_type=\"heading.default\">\n\t\t\t\t<div class=\"elementor-widget-container\">\n\t\t\t\t\t<h2 class=\"elementor-heading-title elementor-size-default\">Montage<\/h2>\t\t\t\t<\/div>\n\t\t\t\t<\/div>\n\t\t\t\t<div class=\"elementor-element elementor-element-bf8cc9b elementor-widget elementor-widget-text-editor\" data-id=\"bf8cc9b\" data-element_type=\"widget\" data-e-type=\"widget\" data-widget_type=\"text-editor.default\">\n\t\t\t\t<div class=\"elementor-widget-container\">\n\t\t\t\t\t\t\t\t\t<p><span style=\"color: #000000;\">Wir sind darauf spezialisiert, M\u00f6bel auch in engen und schwierigen R\u00e4umen zu montieren, die Laien die Arbeit erschweren. Wir sind mit der besten Ausr\u00fcstung ausgestattet und l\u00f6sen alle Probleme, die bei der M\u00f6belmontage auftreten k\u00f6nnen.<\/span><\/p>\t\t\t\t\t\t\t\t<\/div>\n\t\t\t\t<\/div>\n\t\t\t\t\t<\/div>\n\t\t<\/div>\n\t\t\t\t\t<\/div>\n\t\t<\/section>\n\t\t\t\t<section class=\"elementor-section elementor-top-section elementor-element elementor-element-79f6480 elementor-section-boxed elementor-section-height-default elementor-section-height-default\" data-id=\"79f6480\" data-element_type=\"section\" data-e-type=\"section\" data-settings=\"{&quot;background_background&quot;:&quot;classic&quot;}\">\n\t\t\t\t\t\t<div class=\"elementor-container elementor-column-gap-no\">\n\t\t\t\t\t<div class=\"elementor-column elementor-col-100 elementor-top-column elementor-element elementor-element-03e2b86\" data-id=\"03e2b86\" data-element_type=\"column\" data-e-type=\"column\">\n\t\t\t<div class=\"elementor-widget-wrap elementor-element-populated\">\n\t\t\t\t\t\t<div class=\"elementor-element elementor-element-ac7383a elementor-widget elementor-widget-image\" data-id=\"ac7383a\" data-element_type=\"widget\" data-e-type=\"widget\" data-widget_type=\"image.default\">\n\t\t\t\t<div class=\"elementor-widget-container\">\n\t\t\t\t\t\t\t\t\t\t\t\t\t\t\t<img decoding=\"async\" width=\"614\" height=\"768\" src=\"https:\/\/www.relaxitalia.biz\/wp-content\/uploads\/2023\/03\/FOTO1.3-Media.jpg\" class=\"attachment-full size-full wp-image-197\" alt=\"\" srcset=\"https:\/\/www.relaxitalia.biz\/wp-content\/uploads\/2023\/03\/FOTO1.3-Media.jpg 614w, https:\/\/www.relaxitalia.biz\/wp-content\/uploads\/2023\/03\/FOTO1.3-Media-240x300.jpg 240w, https:\/\/www.relaxitalia.biz\/wp-content\/uploads\/2023\/03\/FOTO1.3-Media-320x400.jpg 320w\" sizes=\"(max-width: 614px) 100vw, 614px\" \/>\t\t\t\t\t\t\t\t\t\t\t\t\t\t\t<\/div>\n\t\t\t\t<\/div>\n\t\t\t\t<div class=\"elementor-element elementor-element-7229b9b elementor-widget elementor-widget-heading\" data-id=\"7229b9b\" data-element_type=\"widget\" data-e-type=\"widget\" data-widget_type=\"heading.default\">\n\t\t\t\t<div class=\"elementor-widget-container\">\n\t\t\t\t\t<h2 class=\"elementor-heading-title elementor-size-default\">BERATUNG<\/h2>\t\t\t\t<\/div>\n\t\t\t\t<\/div>\n\t\t\t\t<div class=\"elementor-element elementor-element-b923f0c elementor-widget elementor-widget-text-editor\" data-id=\"b923f0c\" data-element_type=\"widget\" data-e-type=\"widget\" data-widget_type=\"text-editor.default\">\n\t\t\t\t<div class=\"elementor-widget-container\">\n\t\t\t\t\t\t\t\t\t<p><span style=\"color: #000000;\">Die Einrichtung eines Zuhauses kann stressig sein und oft wird es schwierig, die gew\u00fcnschten Ziele zu erreichen.<\/span><\/p><p><span style=\"color: #000000;\">Wir sind die Profis, die f\u00fcr Sie ein ma\u00dfgeschneidertes Zuhause \u201en\u00e4hen\u201c k\u00f6nnen.<\/span><\/p>\t\t\t\t\t\t\t\t<\/div>\n\t\t\t\t<\/div>\n\t\t\t\t\t<\/div>\n\t\t<\/div>\n\t\t\t\t\t<\/div>\n\t\t<\/section>\n\t\t\t\t<section class=\"elementor-section elementor-top-section elementor-element elementor-element-1d2850a elementor-section-boxed elementor-section-height-default elementor-section-height-default\" data-id=\"1d2850a\" data-element_type=\"section\" data-e-type=\"section\" data-settings=\"{&quot;background_background&quot;:&quot;classic&quot;}\">\n\t\t\t\t\t\t<div class=\"elementor-container elementor-column-gap-no\">\n\t\t\t\t\t<div class=\"elementor-column elementor-col-100 elementor-top-column elementor-element elementor-element-5bdcfa9\" data-id=\"5bdcfa9\" data-element_type=\"column\" data-e-type=\"column\">\n\t\t\t<div class=\"elementor-widget-wrap elementor-element-populated\">\n\t\t\t\t\t\t<div class=\"elementor-element elementor-element-6d6bcc5 elementor-widget elementor-widget-image\" data-id=\"6d6bcc5\" data-element_type=\"widget\" data-e-type=\"widget\" data-widget_type=\"image.default\">\n\t\t\t\t<div class=\"elementor-widget-container\">\n\t\t\t\t\t\t\t\t\t\t\t\t\t\t\t<img loading=\"lazy\" decoding=\"async\" width=\"2560\" height=\"2560\" src=\"https:\/\/www.relaxitalia.biz\/wp-content\/uploads\/2023\/03\/FOTO1.4-scaled.jpg\" class=\"attachment-full size-full wp-image-199\" alt=\"\" srcset=\"https:\/\/www.relaxitalia.biz\/wp-content\/uploads\/2023\/03\/FOTO1.4-scaled.jpg 2560w, https:\/\/www.relaxitalia.biz\/wp-content\/uploads\/2023\/03\/FOTO1.4-300x300.jpg 300w, https:\/\/www.relaxitalia.biz\/wp-content\/uploads\/2023\/03\/FOTO1.4-1024x1024.jpg 1024w, https:\/\/www.relaxitalia.biz\/wp-content\/uploads\/2023\/03\/FOTO1.4-150x150.jpg 150w, https:\/\/www.relaxitalia.biz\/wp-content\/uploads\/2023\/03\/FOTO1.4-768x768.jpg 768w, https:\/\/www.relaxitalia.biz\/wp-content\/uploads\/2023\/03\/FOTO1.4-1536x1536.jpg 1536w, https:\/\/www.relaxitalia.biz\/wp-content\/uploads\/2023\/03\/FOTO1.4-2048x2048.jpg 2048w, https:\/\/www.relaxitalia.biz\/wp-content\/uploads\/2023\/03\/FOTO1.4-700x700.jpg 700w, https:\/\/www.relaxitalia.biz\/wp-content\/uploads\/2023\/03\/FOTO1.4-2000x2000.jpg 2000w, https:\/\/www.relaxitalia.biz\/wp-content\/uploads\/2023\/03\/FOTO1.4-100x100.jpg 100w, https:\/\/www.relaxitalia.biz\/wp-content\/uploads\/2023\/03\/FOTO1.4-400x400.jpg 400w\" sizes=\"(max-width: 2560px) 100vw, 2560px\" \/>\t\t\t\t\t\t\t\t\t\t\t\t\t\t\t<\/div>\n\t\t\t\t<\/div>\n\t\t\t\t<div class=\"elementor-element elementor-element-b15be10 elementor-widget elementor-widget-heading\" data-id=\"b15be10\" data-element_type=\"widget\" data-e-type=\"widget\" data-widget_type=\"heading.default\">\n\t\t\t\t<div class=\"elementor-widget-container\">\n\t\t\t\t\t<h2 class=\"elementor-heading-title elementor-size-default\">INNENAUSSTATTUNG<\/h2>\t\t\t\t<\/div>\n\t\t\t\t<\/div>\n\t\t\t\t<div class=\"elementor-element elementor-element-8f63222 elementor-widget elementor-widget-text-editor\" data-id=\"8f63222\" data-element_type=\"widget\" data-e-type=\"widget\" data-widget_type=\"text-editor.default\">\n\t\t\t\t<div class=\"elementor-widget-container\">\n\t\t\t\t\t\t\t\t\t<p><span style=\"color: #000000;\">Richtet sich an diejenigen, die ihr Zuhause oder nur einige Bereiche davon renovieren m\u00f6chten, an diejenigen, die ihm eine neue und andere Vitalit\u00e4t verleihen m\u00f6chten oder die sein Potenzial vor dem Kauf oder der Renovierung pr\u00fcfen m\u00f6chten, Bauunternehmen und Immobilienagenturen als bestes Geschenk der Verkauf.<\/span><\/p>\t\t\t\t\t\t\t\t<\/div>\n\t\t\t\t<\/div>\n\t\t\t\t\t<\/div>\n\t\t<\/div>\n\t\t\t\t\t<\/div>\n\t\t<\/section>\n\t\t\t\t<section class=\"elementor-section elementor-top-section elementor-element elementor-element-3e9d101 elementor-section-boxed elementor-section-height-default elementor-section-height-default\" data-id=\"3e9d101\" data-element_type=\"section\" data-e-type=\"section\">\n\t\t\t\t\t\t<div class=\"elementor-container elementor-column-gap-default\">\n\t\t\t\t\t<div class=\"elementor-column elementor-col-100 elementor-top-column elementor-element elementor-element-b331337\" data-id=\"b331337\" data-element_type=\"column\" data-e-type=\"column\">\n\t\t\t<div class=\"elementor-widget-wrap elementor-element-populated\">\n\t\t\t\t\t\t<div class=\"elementor-element elementor-element-ab6edf1 elementor-widget elementor-widget-spacer\" data-id=\"ab6edf1\" data-element_type=\"widget\" data-e-type=\"widget\" data-widget_type=\"spacer.default\">\n\t\t\t\t<div class=\"elementor-widget-container\">\n\t\t\t\t\t\t\t<div class=\"elementor-spacer\">\n\t\t\t<div class=\"elementor-spacer-inner\"><\/div>\n\t\t<\/div>\n\t\t\t\t\t\t<\/div>\n\t\t\t\t<\/div>\n\t\t\t\t\t<\/div>\n\t\t<\/div>\n\t\t\t\t\t<\/div>\n\t\t<\/section>\n\t\t\t\t<\/div>","protected":false},"excerpt":{"rendered":"<p>CONSEGNA consegna direttamente in casa con posizionamento merce in stanza e ritiro imballi in tutta Italia Per essere sicuri che il cliente sia in casa, il cliente verr\u00e0 contattato per stabilire data e orario della consegna, che avverr\u00e0 puntualmente. Il team di addetti che si occuperanno della consegna inoltre porranno i mobili ordinati nella stanza &hellip; <a href=\"https:\/\/www.relaxitalia.biz\/de\/servizi\/\" class=\"more-link\"><span class=\"screen-reader-text\">DIENSTLEISTUNGEN<\/span> weiterlesen <span class=\"meta-nav\">&rarr;<\/span><\/a><\/p>","protected":false},"author":1,"featured_media":0,"parent":0,"menu_order":0,"comment_status":"closed","ping_status":"closed","template":"elementor_header_footer","meta":{"om_disable_all_campaigns":false,"_uf_show_specific_survey":0,"_uf_disable_surveys":false,"footnotes":""},"class_list":["post-489","page","type-page","status-publish","hentry"],"aioseo_notices":[],"yoast_head":"<!-- This site is optimized with the Yoast SEO plugin v23.5 - https:\/\/yoast.com\/wordpress\/plugins\/seo\/ -->\r\n<title>SERVIZI -<\/title>\r\n<meta name=\"robots\" content=\"index, follow, max-snippet:-1, max-image-preview:large, max-video-preview:-1\" \/>\r\n<link rel=\"canonical\" href=\"https:\/\/www.relaxitalia.biz\/de\/servizi\/\" \/>\r\n<meta property=\"og:locale\" content=\"de_DE\" \/>\r\n<meta property=\"og:type\" content=\"article\" \/>\r\n<meta property=\"og:title\" content=\"SERVIZI -\" \/>\r\n<meta property=\"og:description\" content=\"CONSEGNA consegna direttamente in casa con posizionamento merce in stanza e ritiro imballi in tutta Italia Per essere sicuri che il cliente sia in casa, il cliente verr\u00e0 contattato per stabilire data e orario della consegna, che avverr\u00e0 puntualmente. Il team di addetti che si occuperanno della consegna inoltre porranno i mobili ordinati nella stanza &hellip; SERVIZI weiterlesen &rarr;\" \/>\r\n<meta property=\"og:url\" content=\"https:\/\/www.relaxitalia.biz\/de\/servizi\/\" \/>\r\n<meta property=\"article:modified_time\" content=\"2023-08-03T12:57:00+00:00\" \/>\r\n<meta property=\"og:image\" content=\"https:\/\/www.relaxitalia.biz\/wp-content\/uploads\/2023\/03\/FOTO1.1-taglio-scaled.jpg\" \/>\r\n<meta name=\"twitter:card\" content=\"summary_large_image\" \/>\r\n<meta name=\"twitter:label1\" content=\"Gesch\u00e4tzte Lesezeit\" \/>\n\t<meta name=\"twitter:data1\" content=\"1\u00a0Minute\" \/>\r\n<script type=\"application\/ld+json\" class=\"yoast-schema-graph\">{\"@context\":\"https:\/\/schema.org\",\"@graph\":[{\"@type\":\"WebPage\",\"@id\":\"https:\/\/www.relaxitalia.biz\/it\/servizi\/\",\"url\":\"https:\/\/www.relaxitalia.biz\/it\/servizi\/\",\"name\":\"SERVIZI -\",\"isPartOf\":{\"@id\":\"https:\/\/www.relaxitalia.biz\/#website\"},\"primaryImageOfPage\":{\"@id\":\"https:\/\/www.relaxitalia.biz\/it\/servizi\/#primaryimage\"},\"image\":{\"@id\":\"https:\/\/www.relaxitalia.biz\/it\/servizi\/#primaryimage\"},\"thumbnailUrl\":\"https:\/\/www.relaxitalia.biz\/wp-content\/uploads\/2023\/03\/FOTO1.1-taglio-scaled.jpg\",\"datePublished\":\"2023-03-08T10:42:15+00:00\",\"dateModified\":\"2023-08-03T12:57:00+00:00\",\"breadcrumb\":{\"@id\":\"https:\/\/www.relaxitalia.biz\/it\/servizi\/#breadcrumb\"},\"inLanguage\":\"de\",\"potentialAction\":[{\"@type\":\"ReadAction\",\"target\":[\"https:\/\/www.relaxitalia.biz\/it\/servizi\/\"]}]},{\"@type\":\"ImageObject\",\"inLanguage\":\"de\",\"@id\":\"https:\/\/www.relaxitalia.biz\/it\/servizi\/#primaryimage\",\"url\":\"https:\/\/www.relaxitalia.biz\/wp-content\/uploads\/2023\/03\/FOTO1.1-taglio-scaled.jpg\",\"contentUrl\":\"https:\/\/www.relaxitalia.biz\/wp-content\/uploads\/2023\/03\/FOTO1.1-taglio-scaled.jpg\"},{\"@type\":\"BreadcrumbList\",\"@id\":\"https:\/\/www.relaxitalia.biz\/it\/servizi\/#breadcrumb\",\"itemListElement\":[{\"@type\":\"ListItem\",\"position\":1,\"name\":\"Home\",\"item\":\"https:\/\/www.relaxitalia.biz\/it\/\"},{\"@type\":\"ListItem\",\"position\":2,\"name\":\"SERVIZI\"}]},{\"@type\":\"WebSite\",\"@id\":\"https:\/\/www.relaxitalia.biz\/#website\",\"url\":\"https:\/\/www.relaxitalia.biz\/\",\"name\":\"Relax Italia\",\"description\":\"\",\"publisher\":{\"@id\":\"https:\/\/www.relaxitalia.biz\/#organization\"},\"potentialAction\":[{\"@type\":\"SearchAction\",\"target\":{\"@type\":\"EntryPoint\",\"urlTemplate\":\"https:\/\/www.relaxitalia.biz\/?s={search_term_string}\"},\"query-input\":{\"@type\":\"PropertyValueSpecification\",\"valueRequired\":true,\"valueName\":\"search_term_string\"}}],\"inLanguage\":\"de\"},{\"@type\":\"Organization\",\"@id\":\"https:\/\/www.relaxitalia.biz\/#organization\",\"name\":\"Relax Italia\",\"url\":\"https:\/\/www.relaxitalia.biz\/\",\"logo\":{\"@type\":\"ImageObject\",\"inLanguage\":\"de\",\"@id\":\"https:\/\/www.relaxitalia.biz\/#\/schema\/logo\/image\/\",\"url\":\"https:\/\/www.relaxitalia.biz\/wp-content\/uploads\/2023\/03\/cropped-cropped-logo_colore_relaxitalia_definitivo-1-01.png\",\"contentUrl\":\"https:\/\/www.relaxitalia.biz\/wp-content\/uploads\/2023\/03\/cropped-cropped-logo_colore_relaxitalia_definitivo-1-01.png\",\"width\":512,\"height\":243,\"caption\":\"Relax Italia\"},\"image\":{\"@id\":\"https:\/\/www.relaxitalia.biz\/#\/schema\/logo\/image\/\"}}]}<\/script>\r\n<!-- \/ Yoast SEO plugin. -->","yoast_head_json":{"title":"SERVIZI -","robots":{"index":"index","follow":"follow","max-snippet":"max-snippet:-1","max-image-preview":"max-image-preview:large","max-video-preview":"max-video-preview:-1"},"canonical":"https:\/\/www.relaxitalia.biz\/de\/servizi\/","og_locale":"de_DE","og_type":"article","og_title":"SERVIZI -","og_description":"CONSEGNA consegna direttamente in casa con posizionamento merce in stanza e ritiro imballi in tutta Italia Per essere sicuri che il cliente sia in casa, il cliente verr\u00e0 contattato per stabilire data e orario della consegna, che avverr\u00e0 puntualmente. Il team di addetti che si occuperanno della consegna inoltre porranno i mobili ordinati nella stanza &hellip; SERVIZI weiterlesen &rarr;","og_url":"https:\/\/www.relaxitalia.biz\/de\/servizi\/","article_modified_time":"2023-08-03T12:57:00+00:00","og_image":[{"url":"https:\/\/www.relaxitalia.biz\/wp-content\/uploads\/2023\/03\/FOTO1.1-taglio-scaled.jpg"}],"twitter_card":"summary_large_image","twitter_misc":{"Gesch\u00e4tzte Lesezeit":"1\u00a0Minute"},"schema":{"@context":"https:\/\/schema.org","@graph":[{"@type":"WebPage","@id":"https:\/\/www.relaxitalia.biz\/it\/servizi\/","url":"https:\/\/www.relaxitalia.biz\/it\/servizi\/","name":"SERVIZI -","isPartOf":{"@id":"https:\/\/www.relaxitalia.biz\/#website"},"primaryImageOfPage":{"@id":"https:\/\/www.relaxitalia.biz\/it\/servizi\/#primaryimage"},"image":{"@id":"https:\/\/www.relaxitalia.biz\/it\/servizi\/#primaryimage"},"thumbnailUrl":"https:\/\/www.relaxitalia.biz\/wp-content\/uploads\/2023\/03\/FOTO1.1-taglio-scaled.jpg","datePublished":"2023-03-08T10:42:15+00:00","dateModified":"2023-08-03T12:57:00+00:00","breadcrumb":{"@id":"https:\/\/www.relaxitalia.biz\/it\/servizi\/#breadcrumb"},"inLanguage":"de","potentialAction":[{"@type":"ReadAction","target":["https:\/\/www.relaxitalia.biz\/it\/servizi\/"]}]},{"@type":"ImageObject","inLanguage":"de","@id":"https:\/\/www.relaxitalia.biz\/it\/servizi\/#primaryimage","url":"https:\/\/www.relaxitalia.biz\/wp-content\/uploads\/2023\/03\/FOTO1.1-taglio-scaled.jpg","contentUrl":"https:\/\/www.relaxitalia.biz\/wp-content\/uploads\/2023\/03\/FOTO1.1-taglio-scaled.jpg"},{"@type":"BreadcrumbList","@id":"https:\/\/www.relaxitalia.biz\/it\/servizi\/#breadcrumb","itemListElement":[{"@type":"ListItem","position":1,"name":"Home","item":"https:\/\/www.relaxitalia.biz\/it\/"},{"@type":"ListItem","position":2,"name":"SERVIZI"}]},{"@type":"WebSite","@id":"https:\/\/www.relaxitalia.biz\/#website","url":"https:\/\/www.relaxitalia.biz\/","name":"Relax Italia","description":"","publisher":{"@id":"https:\/\/www.relaxitalia.biz\/#organization"},"potentialAction":[{"@type":"SearchAction","target":{"@type":"EntryPoint","urlTemplate":"https:\/\/www.relaxitalia.biz\/?s={search_term_string}"},"query-input":{"@type":"PropertyValueSpecification","valueRequired":true,"valueName":"search_term_string"}}],"inLanguage":"de"},{"@type":"Organization","@id":"https:\/\/www.relaxitalia.biz\/#organization","name":"Relax Italia","url":"https:\/\/www.relaxitalia.biz\/","logo":{"@type":"ImageObject","inLanguage":"de","@id":"https:\/\/www.relaxitalia.biz\/#\/schema\/logo\/image\/","url":"https:\/\/www.relaxitalia.biz\/wp-content\/uploads\/2023\/03\/cropped-cropped-logo_colore_relaxitalia_definitivo-1-01.png","contentUrl":"https:\/\/www.relaxitalia.biz\/wp-content\/uploads\/2023\/03\/cropped-cropped-logo_colore_relaxitalia_definitivo-1-01.png","width":512,"height":243,"caption":"Relax Italia"},"image":{"@id":"https:\/\/www.relaxitalia.biz\/#\/schema\/logo\/image\/"}}]}},"_links":{"self":[{"href":"https:\/\/www.relaxitalia.biz\/de\/wp-json\/wp\/v2\/pages\/489","targetHints":{"allow":["GET"]}}],"collection":[{"href":"https:\/\/www.relaxitalia.biz\/de\/wp-json\/wp\/v2\/pages"}],"about":[{"href":"https:\/\/www.relaxitalia.biz\/de\/wp-json\/wp\/v2\/types\/page"}],"author":[{"embeddable":true,"href":"https:\/\/www.relaxitalia.biz\/de\/wp-json\/wp\/v2\/users\/1"}],"replies":[{"embeddable":true,"href":"https:\/\/www.relaxitalia.biz\/de\/wp-json\/wp\/v2\/comments?post=489"}],"version-history":[{"count":69,"href":"https:\/\/www.relaxitalia.biz\/de\/wp-json\/wp\/v2\/pages\/489\/revisions"}],"predecessor-version":[{"id":1078,"href":"https:\/\/www.relaxitalia.biz\/de\/wp-json\/wp\/v2\/pages\/489\/revisions\/1078"}],"wp:attachment":[{"href":"https:\/\/www.relaxitalia.biz\/de\/wp-json\/wp\/v2\/media?parent=489"}],"curies":[{"name":"wp","href":"https:\/\/api.w.org\/{rel}","templated":true}]}}