{"id":178,"date":"2023-03-07T18:30:45","date_gmt":"2023-03-07T17:30:45","guid":{"rendered":"https:\/\/www.relaxitalia.biz\/?page_id=178"},"modified":"2023-08-03T14:56:52","modified_gmt":"2023-08-03T12:56:52","slug":"i-nostri-servizi","status":"publish","type":"page","link":"http:\/\/www.relaxitalia.biz\/de\/i-nostri-servizi\/","title":{"rendered":"UNSERE DIENSTLEISTUNGEN"},"content":{"rendered":"<div data-elementor-type=\"wp-page\" data-elementor-id=\"178\" class=\"elementor elementor-178\">\n\t\t\t\t\t\t<section class=\"elementor-section elementor-top-section elementor-element elementor-element-d1a4eaa elementor-section-stretched elementor-section-content-middle elementor-section-boxed elementor-section-height-default elementor-section-height-default\" data-id=\"d1a4eaa\" data-element_type=\"section\" data-e-type=\"section\" data-settings=\"{&quot;stretch_section&quot;:&quot;section-stretched&quot;,&quot;background_background&quot;:&quot;classic&quot;}\">\n\t\t\t\t\t\t<div class=\"elementor-container elementor-column-gap-no\">\n\t\t\t\t\t<div class=\"elementor-column elementor-col-25 elementor-top-column elementor-element elementor-element-04122a4\" data-id=\"04122a4\" data-element_type=\"column\" data-e-type=\"column\">\n\t\t\t<div class=\"elementor-widget-wrap elementor-element-populated\">\n\t\t\t\t\t\t<div class=\"elementor-element elementor-element-811018b elementor-widget elementor-widget-image\" data-id=\"811018b\" data-element_type=\"widget\" data-e-type=\"widget\" data-widget_type=\"image.default\">\n\t\t\t\t<div class=\"elementor-widget-container\">\n\t\t\t\t\t\t\t\t\t\t\t\t\t\t\t<img fetchpriority=\"high\" decoding=\"async\" width=\"970\" height=\"488\" src=\"https:\/\/www.relaxitalia.biz\/wp-content\/uploads\/2023\/08\/consegna.png\" class=\"attachment-full size-full wp-image-747\" alt=\"\" srcset=\"https:\/\/www.relaxitalia.biz\/wp-content\/uploads\/2023\/08\/consegna.png 970w, https:\/\/www.relaxitalia.biz\/wp-content\/uploads\/2023\/08\/consegna-300x151.png 300w, https:\/\/www.relaxitalia.biz\/wp-content\/uploads\/2023\/08\/consegna-768x386.png 768w, https:\/\/www.relaxitalia.biz\/wp-content\/uploads\/2023\/08\/consegna-18x9.png 18w, https:\/\/www.relaxitalia.biz\/wp-content\/uploads\/2023\/08\/consegna-700x352.png 700w, https:\/\/www.relaxitalia.biz\/wp-content\/uploads\/2023\/08\/consegna-795x400.png 795w\" sizes=\"(max-width: 970px) 100vw, 970px\" \/>\t\t\t\t\t\t\t\t\t\t\t\t\t\t\t<\/div>\n\t\t\t\t<\/div>\n\t\t\t\t\t<\/div>\n\t\t<\/div>\n\t\t\t\t<div class=\"elementor-column elementor-col-25 elementor-top-column elementor-element elementor-element-c3ff96e\" data-id=\"c3ff96e\" data-element_type=\"column\" data-e-type=\"column\">\n\t\t\t<div class=\"elementor-widget-wrap elementor-element-populated\">\n\t\t\t\t\t\t<div class=\"elementor-element elementor-element-ec759b0 elementor-widget elementor-widget-image\" data-id=\"ec759b0\" data-element_type=\"widget\" data-e-type=\"widget\" data-widget_type=\"image.default\">\n\t\t\t\t<div class=\"elementor-widget-container\">\n\t\t\t\t\t\t\t\t\t\t\t\t\t\t\t<img decoding=\"async\" width=\"970\" height=\"488\" src=\"https:\/\/www.relaxitalia.biz\/wp-content\/uploads\/2023\/08\/montaggio_TOP.png\" class=\"attachment-full size-full wp-image-749\" alt=\"\" srcset=\"https:\/\/www.relaxitalia.biz\/wp-content\/uploads\/2023\/08\/montaggio_TOP.png 970w, https:\/\/www.relaxitalia.biz\/wp-content\/uploads\/2023\/08\/montaggio_TOP-300x151.png 300w, https:\/\/www.relaxitalia.biz\/wp-content\/uploads\/2023\/08\/montaggio_TOP-768x386.png 768w, https:\/\/www.relaxitalia.biz\/wp-content\/uploads\/2023\/08\/montaggio_TOP-18x9.png 18w, https:\/\/www.relaxitalia.biz\/wp-content\/uploads\/2023\/08\/montaggio_TOP-700x352.png 700w, https:\/\/www.relaxitalia.biz\/wp-content\/uploads\/2023\/08\/montaggio_TOP-795x400.png 795w\" sizes=\"(max-width: 970px) 100vw, 970px\" \/>\t\t\t\t\t\t\t\t\t\t\t\t\t\t\t<\/div>\n\t\t\t\t<\/div>\n\t\t\t\t\t<\/div>\n\t\t<\/div>\n\t\t\t\t<div class=\"elementor-column elementor-col-25 elementor-top-column elementor-element elementor-element-2922e45\" data-id=\"2922e45\" data-element_type=\"column\" data-e-type=\"column\">\n\t\t\t<div class=\"elementor-widget-wrap elementor-element-populated\">\n\t\t\t\t\t\t<div class=\"elementor-element elementor-element-6d0e320 elementor-widget elementor-widget-image\" data-id=\"6d0e320\" data-element_type=\"widget\" data-e-type=\"widget\" data-widget_type=\"image.default\">\n\t\t\t\t<div class=\"elementor-widget-container\">\n\t\t\t\t\t\t\t\t\t\t\t\t\t\t\t<img decoding=\"async\" width=\"970\" height=\"488\" src=\"https:\/\/www.relaxitalia.biz\/wp-content\/uploads\/2023\/08\/consulenza_top-1.png\" class=\"attachment-full size-full wp-image-969\" alt=\"\" srcset=\"https:\/\/www.relaxitalia.biz\/wp-content\/uploads\/2023\/08\/consulenza_top-1.png 970w, https:\/\/www.relaxitalia.biz\/wp-content\/uploads\/2023\/08\/consulenza_top-1-300x151.png 300w, https:\/\/www.relaxitalia.biz\/wp-content\/uploads\/2023\/08\/consulenza_top-1-768x386.png 768w, https:\/\/www.relaxitalia.biz\/wp-content\/uploads\/2023\/08\/consulenza_top-1-18x9.png 18w, https:\/\/www.relaxitalia.biz\/wp-content\/uploads\/2023\/08\/consulenza_top-1-700x352.png 700w, https:\/\/www.relaxitalia.biz\/wp-content\/uploads\/2023\/08\/consulenza_top-1-795x400.png 795w\" sizes=\"(max-width: 970px) 100vw, 970px\" \/>\t\t\t\t\t\t\t\t\t\t\t\t\t\t\t<\/div>\n\t\t\t\t<\/div>\n\t\t\t\t\t<\/div>\n\t\t<\/div>\n\t\t\t\t<div class=\"elementor-column elementor-col-25 elementor-top-column elementor-element elementor-element-8f837c2\" data-id=\"8f837c2\" data-element_type=\"column\" data-e-type=\"column\">\n\t\t\t<div class=\"elementor-widget-wrap elementor-element-populated\">\n\t\t\t\t\t\t<div class=\"elementor-element elementor-element-60c7135 elementor-widget elementor-widget-image\" data-id=\"60c7135\" data-element_type=\"widget\" data-e-type=\"widget\" data-widget_type=\"image.default\">\n\t\t\t\t<div class=\"elementor-widget-container\">\n\t\t\t\t\t\t\t\t\t\t\t\t\t\t\t<img loading=\"lazy\" decoding=\"async\" width=\"970\" height=\"488\" src=\"https:\/\/www.relaxitalia.biz\/wp-content\/uploads\/2023\/08\/progettazione_TOP.png\" class=\"attachment-full size-full wp-image-754\" alt=\"\" srcset=\"https:\/\/www.relaxitalia.biz\/wp-content\/uploads\/2023\/08\/progettazione_TOP.png 970w, https:\/\/www.relaxitalia.biz\/wp-content\/uploads\/2023\/08\/progettazione_TOP-300x151.png 300w, https:\/\/www.relaxitalia.biz\/wp-content\/uploads\/2023\/08\/progettazione_TOP-768x386.png 768w, https:\/\/www.relaxitalia.biz\/wp-content\/uploads\/2023\/08\/progettazione_TOP-18x9.png 18w, https:\/\/www.relaxitalia.biz\/wp-content\/uploads\/2023\/08\/progettazione_TOP-700x352.png 700w, https:\/\/www.relaxitalia.biz\/wp-content\/uploads\/2023\/08\/progettazione_TOP-795x400.png 795w\" sizes=\"(max-width: 970px) 100vw, 970px\" \/>\t\t\t\t\t\t\t\t\t\t\t\t\t\t\t<\/div>\n\t\t\t\t<\/div>\n\t\t\t\t\t<\/div>\n\t\t<\/div>\n\t\t\t\t\t<\/div>\n\t\t<\/section>\n\t\t\t\t<\/div>","protected":false},"excerpt":{"rendered":"","protected":false},"author":1,"featured_media":191,"parent":0,"menu_order":0,"comment_status":"closed","ping_status":"closed","template":"elementor_canvas","meta":{"om_disable_all_campaigns":false,"_uf_show_specific_survey":0,"_uf_disable_surveys":false,"footnotes":""},"class_list":["post-178","page","type-page","status-publish","has-post-thumbnail","hentry"],"aioseo_notices":[],"yoast_head":"<!-- This site is optimized with the Yoast SEO plugin v23.5 - https:\/\/yoast.com\/wordpress\/plugins\/seo\/ -->\r\n<title>Materassi, Letti e Arredamento di Qualit\u00e0 per il Tuo Benessere.<\/title>\r\n<meta name=\"description\" content=\"Per essere sicuri che il cliente sia in casa, il cliente verr\u00e0 contattato per stabilire data e orario della consegna, che avverr\u00e0 puntualmente.Il team di addetti che si occuperanno della consegna inoltre porranno i mobili ordinati nella stanza che desidera il cliente, e ritireranno l\u2019imballaggio.\" \/>\r\n<meta name=\"robots\" content=\"index, follow, max-snippet:-1, max-image-preview:large, max-video-preview:-1\" \/>\r\n<link rel=\"canonical\" href=\"http:\/\/www.relaxitalia.biz\/de\/i-nostri-servizi\/\" \/>\r\n<meta property=\"og:locale\" content=\"de_DE\" \/>\r\n<meta property=\"og:type\" content=\"article\" \/>\r\n<meta property=\"og:title\" content=\"Materassi, Letti e Arredamento di Qualit\u00e0 per il Tuo Benessere.\" \/>\r\n<meta property=\"og:description\" content=\"Per essere sicuri che il cliente sia in casa, il cliente verr\u00e0 contattato per stabilire data e orario della consegna, che avverr\u00e0 puntualmente.Il team di addetti che si occuperanno della consegna inoltre porranno i mobili ordinati nella stanza che desidera il cliente, e ritireranno l\u2019imballaggio.\" \/>\r\n<meta property=\"og:url\" content=\"http:\/\/www.relaxitalia.biz\/de\/i-nostri-servizi\/\" \/>\r\n<meta property=\"article:modified_time\" content=\"2023-08-03T12:56:52+00:00\" \/>\r\n<meta property=\"og:image\" content=\"https:\/\/www.relaxitalia.biz\/wp-content\/uploads\/2023\/03\/FOTO2-scaled.jpg\" \/>\r\n\t<meta property=\"og:image:width\" content=\"2560\" \/>\r\n\t<meta property=\"og:image:height\" content=\"2560\" \/>\r\n\t<meta property=\"og:image:type\" content=\"image\/jpeg\" \/>\r\n<meta name=\"twitter:card\" content=\"summary_large_image\" \/>\r\n<meta name=\"twitter:label1\" content=\"Gesch\u00e4tzte Lesezeit\" \/>\n\t<meta name=\"twitter:data1\" content=\"1\u00a0Minute\" \/>\r\n<script type=\"application\/ld+json\" class=\"yoast-schema-graph\">{\"@context\":\"https:\/\/schema.org\",\"@graph\":[{\"@type\":\"WebPage\",\"@id\":\"https:\/\/www.relaxitalia.biz\/i-nostri-servizi\/\",\"url\":\"https:\/\/www.relaxitalia.biz\/i-nostri-servizi\/\",\"name\":\"Materassi, Letti e Arredamento di Qualit\u00e0 per il Tuo Benessere.\",\"isPartOf\":{\"@id\":\"https:\/\/www.relaxitalia.biz\/#website\"},\"primaryImageOfPage\":{\"@id\":\"https:\/\/www.relaxitalia.biz\/i-nostri-servizi\/#primaryimage\"},\"image\":{\"@id\":\"https:\/\/www.relaxitalia.biz\/i-nostri-servizi\/#primaryimage\"},\"thumbnailUrl\":\"https:\/\/www.relaxitalia.biz\/wp-content\/uploads\/2023\/03\/FOTO2-scaled.jpg\",\"datePublished\":\"2023-03-07T17:30:45+00:00\",\"dateModified\":\"2023-08-03T12:56:52+00:00\",\"description\":\"Per essere sicuri che il cliente sia in casa, il cliente verr\u00e0 contattato per stabilire data e orario della consegna, che avverr\u00e0 puntualmente.Il team di addetti che si occuperanno della consegna inoltre porranno i mobili ordinati nella stanza che desidera il cliente, e ritireranno l\u2019imballaggio.\",\"breadcrumb\":{\"@id\":\"https:\/\/www.relaxitalia.biz\/i-nostri-servizi\/#breadcrumb\"},\"inLanguage\":\"de\",\"potentialAction\":[{\"@type\":\"ReadAction\",\"target\":[\"https:\/\/www.relaxitalia.biz\/i-nostri-servizi\/\"]}]},{\"@type\":\"ImageObject\",\"inLanguage\":\"de\",\"@id\":\"https:\/\/www.relaxitalia.biz\/i-nostri-servizi\/#primaryimage\",\"url\":\"https:\/\/www.relaxitalia.biz\/wp-content\/uploads\/2023\/03\/FOTO2-scaled.jpg\",\"contentUrl\":\"https:\/\/www.relaxitalia.biz\/wp-content\/uploads\/2023\/03\/FOTO2-scaled.jpg\",\"width\":2560,\"height\":2560},{\"@type\":\"BreadcrumbList\",\"@id\":\"https:\/\/www.relaxitalia.biz\/i-nostri-servizi\/#breadcrumb\",\"itemListElement\":[{\"@type\":\"ListItem\",\"position\":1,\"name\":\"Home\",\"item\":\"https:\/\/www.relaxitalia.biz\/it\/\"},{\"@type\":\"ListItem\",\"position\":2,\"name\":\"I NOSTRI SERVIZI\"}]},{\"@type\":\"WebSite\",\"@id\":\"https:\/\/www.relaxitalia.biz\/#website\",\"url\":\"https:\/\/www.relaxitalia.biz\/\",\"name\":\"Relax Italia\",\"description\":\"\",\"publisher\":{\"@id\":\"https:\/\/www.relaxitalia.biz\/#organization\"},\"potentialAction\":[{\"@type\":\"SearchAction\",\"target\":{\"@type\":\"EntryPoint\",\"urlTemplate\":\"https:\/\/www.relaxitalia.biz\/?s={search_term_string}\"},\"query-input\":{\"@type\":\"PropertyValueSpecification\",\"valueRequired\":true,\"valueName\":\"search_term_string\"}}],\"inLanguage\":\"de\"},{\"@type\":\"Organization\",\"@id\":\"https:\/\/www.relaxitalia.biz\/#organization\",\"name\":\"Relax Italia\",\"url\":\"https:\/\/www.relaxitalia.biz\/\",\"logo\":{\"@type\":\"ImageObject\",\"inLanguage\":\"de\",\"@id\":\"https:\/\/www.relaxitalia.biz\/#\/schema\/logo\/image\/\",\"url\":\"https:\/\/www.relaxitalia.biz\/wp-content\/uploads\/2023\/03\/cropped-cropped-logo_colore_relaxitalia_definitivo-1-01.png\",\"contentUrl\":\"https:\/\/www.relaxitalia.biz\/wp-content\/uploads\/2023\/03\/cropped-cropped-logo_colore_relaxitalia_definitivo-1-01.png\",\"width\":512,\"height\":243,\"caption\":\"Relax Italia\"},\"image\":{\"@id\":\"https:\/\/www.relaxitalia.biz\/#\/schema\/logo\/image\/\"}}]}<\/script>\r\n<!-- \/ Yoast SEO plugin. -->","yoast_head_json":{"title":"Materassi, Letti e Arredamento di Qualit\u00e0 per il Tuo Benessere.","description":"Per essere sicuri che il cliente sia in casa, il cliente verr\u00e0 contattato per stabilire data e orario della consegna, che avverr\u00e0 puntualmente.Il team di addetti che si occuperanno della consegna inoltre porranno i mobili ordinati nella stanza che desidera il cliente, e ritireranno l\u2019imballaggio.","robots":{"index":"index","follow":"follow","max-snippet":"max-snippet:-1","max-image-preview":"max-image-preview:large","max-video-preview":"max-video-preview:-1"},"canonical":"http:\/\/www.relaxitalia.biz\/de\/i-nostri-servizi\/","og_locale":"de_DE","og_type":"article","og_title":"Materassi, Letti e Arredamento di Qualit\u00e0 per il Tuo Benessere.","og_description":"Per essere sicuri che il cliente sia in casa, il cliente verr\u00e0 contattato per stabilire data e orario della consegna, che avverr\u00e0 puntualmente.Il team di addetti che si occuperanno della consegna inoltre porranno i mobili ordinati nella stanza che desidera il cliente, e ritireranno l\u2019imballaggio.","og_url":"http:\/\/www.relaxitalia.biz\/de\/i-nostri-servizi\/","article_modified_time":"2023-08-03T12:56:52+00:00","og_image":[{"width":2560,"height":2560,"url":"https:\/\/www.relaxitalia.biz\/wp-content\/uploads\/2023\/03\/FOTO2-scaled.jpg","type":"image\/jpeg"}],"twitter_card":"summary_large_image","twitter_misc":{"Gesch\u00e4tzte Lesezeit":"1\u00a0Minute"},"schema":{"@context":"https:\/\/schema.org","@graph":[{"@type":"WebPage","@id":"https:\/\/www.relaxitalia.biz\/i-nostri-servizi\/","url":"https:\/\/www.relaxitalia.biz\/i-nostri-servizi\/","name":"Materassi, Letti e Arredamento di Qualit\u00e0 per il Tuo Benessere.","isPartOf":{"@id":"https:\/\/www.relaxitalia.biz\/#website"},"primaryImageOfPage":{"@id":"https:\/\/www.relaxitalia.biz\/i-nostri-servizi\/#primaryimage"},"image":{"@id":"https:\/\/www.relaxitalia.biz\/i-nostri-servizi\/#primaryimage"},"thumbnailUrl":"https:\/\/www.relaxitalia.biz\/wp-content\/uploads\/2023\/03\/FOTO2-scaled.jpg","datePublished":"2023-03-07T17:30:45+00:00","dateModified":"2023-08-03T12:56:52+00:00","description":"Per essere sicuri che il cliente sia in casa, il cliente verr\u00e0 contattato per stabilire data e orario della consegna, che avverr\u00e0 puntualmente.Il team di addetti che si occuperanno della consegna inoltre porranno i mobili ordinati nella stanza che desidera il cliente, e ritireranno l\u2019imballaggio.","breadcrumb":{"@id":"https:\/\/www.relaxitalia.biz\/i-nostri-servizi\/#breadcrumb"},"inLanguage":"de","potentialAction":[{"@type":"ReadAction","target":["https:\/\/www.relaxitalia.biz\/i-nostri-servizi\/"]}]},{"@type":"ImageObject","inLanguage":"de","@id":"https:\/\/www.relaxitalia.biz\/i-nostri-servizi\/#primaryimage","url":"https:\/\/www.relaxitalia.biz\/wp-content\/uploads\/2023\/03\/FOTO2-scaled.jpg","contentUrl":"https:\/\/www.relaxitalia.biz\/wp-content\/uploads\/2023\/03\/FOTO2-scaled.jpg","width":2560,"height":2560},{"@type":"BreadcrumbList","@id":"https:\/\/www.relaxitalia.biz\/i-nostri-servizi\/#breadcrumb","itemListElement":[{"@type":"ListItem","position":1,"name":"Home","item":"https:\/\/www.relaxitalia.biz\/it\/"},{"@type":"ListItem","position":2,"name":"I NOSTRI SERVIZI"}]},{"@type":"WebSite","@id":"https:\/\/www.relaxitalia.biz\/#website","url":"https:\/\/www.relaxitalia.biz\/","name":"Relax Italia","description":"","publisher":{"@id":"https:\/\/www.relaxitalia.biz\/#organization"},"potentialAction":[{"@type":"SearchAction","target":{"@type":"EntryPoint","urlTemplate":"https:\/\/www.relaxitalia.biz\/?s={search_term_string}"},"query-input":{"@type":"PropertyValueSpecification","valueRequired":true,"valueName":"search_term_string"}}],"inLanguage":"de"},{"@type":"Organization","@id":"https:\/\/www.relaxitalia.biz\/#organization","name":"Relax Italia","url":"https:\/\/www.relaxitalia.biz\/","logo":{"@type":"ImageObject","inLanguage":"de","@id":"https:\/\/www.relaxitalia.biz\/#\/schema\/logo\/image\/","url":"https:\/\/www.relaxitalia.biz\/wp-content\/uploads\/2023\/03\/cropped-cropped-logo_colore_relaxitalia_definitivo-1-01.png","contentUrl":"https:\/\/www.relaxitalia.biz\/wp-content\/uploads\/2023\/03\/cropped-cropped-logo_colore_relaxitalia_definitivo-1-01.png","width":512,"height":243,"caption":"Relax Italia"},"image":{"@id":"https:\/\/www.relaxitalia.biz\/#\/schema\/logo\/image\/"}}]}},"_links":{"self":[{"href":"http:\/\/www.relaxitalia.biz\/de\/wp-json\/wp\/v2\/pages\/178","targetHints":{"allow":["GET"]}}],"collection":[{"href":"http:\/\/www.relaxitalia.biz\/de\/wp-json\/wp\/v2\/pages"}],"about":[{"href":"http:\/\/www.relaxitalia.biz\/de\/wp-json\/wp\/v2\/types\/page"}],"author":[{"embeddable":true,"href":"http:\/\/www.relaxitalia.biz\/de\/wp-json\/wp\/v2\/users\/1"}],"replies":[{"embeddable":true,"href":"http:\/\/www.relaxitalia.biz\/de\/wp-json\/wp\/v2\/comments?post=178"}],"version-history":[{"count":176,"href":"http:\/\/www.relaxitalia.biz\/de\/wp-json\/wp\/v2\/pages\/178\/revisions"}],"predecessor-version":[{"id":1209,"href":"http:\/\/www.relaxitalia.biz\/de\/wp-json\/wp\/v2\/pages\/178\/revisions\/1209"}],"wp:featuredmedia":[{"embeddable":true,"href":"http:\/\/www.relaxitalia.biz\/de\/wp-json\/wp\/v2\/media\/191"}],"wp:attachment":[{"href":"http:\/\/www.relaxitalia.biz\/de\/wp-json\/wp\/v2\/media?parent=178"}],"curies":[{"name":"wp","href":"https:\/\/api.w.org\/{rel}","templated":true}]}}